{"id":70,"date":"2020-02-27T21:02:14","date_gmt":"2020-02-27T21:02:14","guid":{"rendered":"https:\/\/reversea.me\/?page_id=70"},"modified":"2025-12-26T07:13:27","modified_gmt":"2025-12-26T07:13:27","slug":"people","status":"publish","type":"page","link":"https:\/\/reversea.me\/index.php\/people\/","title":{"rendered":"People"},"content":{"rendered":"<span class=\"span-reading-time rt-reading-time\" style=\"display: block;\"><span class=\"rt-label rt-prefix\">Reading Time: <\/span> <span class=\"rt-time\"> 3<\/span> <span class=\"rt-label rt-postfix\">minutes<\/span><\/span>\n<p>Here you have the people from DisCo research group devoted to security research. Research interests of other people from DisCo are focused on development of tools for modeling and analysis of data-intensive applications and on large-scale application execution in hybrid-computing environments. <strong>You may find <a href=\"http:\/\/webdiis.unizar.es\/DISCO\/lineas-de-investigacion\/\">more info in this link<\/a><\/strong>!<\/p>\n\n\n\n<h2 class=\"wp-block-heading\">Faculty<\/h2>\n\n\n\n<table style=\"width:100%\">\n  <tr>\n    <td><img loading=\"lazy\" decoding=\"async\" width=\"150\" height=\"216\" class=\"wp-image-108\" style=\"width: 150px;\" src=\"https:\/\/reversea.me\/wp-content\/uploads\/2020\/03\/rjrodriguez.jpeg\" alt=\"Ricardo J. Rodr\u00edguez\" srcset=\"https:\/\/reversea.me\/wp-content\/uploads\/2020\/03\/rjrodriguez.jpeg 768w, https:\/\/reversea.me\/wp-content\/uploads\/2020\/03\/rjrodriguez-208x300.jpeg 208w, https:\/\/reversea.me\/wp-content\/uploads\/2020\/03\/rjrodriguez-710x1024.jpeg 710w\" sizes=\"auto, (max-width: 150px) 100vw, 150px\" \/><\/td>\n    <td><img decoding=\"async\" class=\"wp-image-108\" style=\"width: 150px;\" src=\"https:\/\/reversea.me\/wp-content\/uploads\/2023\/03\/foto_JCarrillo.png\" alt=\"Javier Carrillo-Mond\u00e9jar\"><\/td>\n    <td><img decoding=\"async\" src=\"https:\/\/reversea.me\/wp-content\/uploads\/2024\/09\/jroldan-1-661x1024.jpg\" alt=\"Jos\u00e9 Rold\u00e1n-G\u00f3mez\" class=\"wp-image-108\" style=\"width: 150px;\" \/><\/td>\n  <\/tr>\n  <tr>\n    <td><strong><a href=\"http:\/\/www.ricardojrodriguez.es\">Dr. Ricardo J. Rodr\u00edguez<\/a><\/strong><\/td>\n    <td><strong>Dr. Javier Carrillo-Mond\u00e9jar<\/strong><\/td>\n    <td><strong><a href=\"https:\/\/www.researchgate.net\/profile\/Jose-Roldan-Gomez-2\">Dr. Jos\u00e9 Rold\u00e1n-G\u00f3mez<\/a><\/strong><\/td>\n  <\/tr>\n<\/table>\n\n\n\n<h2 class=\"wp-block-heading\">PostDoc Staff<\/h2>\n\n\n\n(none)\n\n\n\n<h2 class=\"wp-block-heading\">PhD Students<\/h2>\n\n\n\n<table style=\"width:100%\">\n  <tr>\n    <td><img decoding=\"async\" class=\"wp-image-110\" style=\"width: 150px;\" src=\"https:\/\/reversea.me\/wp-content\/uploads\/2024\/05\/tpelayo-756x1024.jpeg\" alt=\"Tom\u00e1s Pelayo\"><\/td>\n    <td><img decoding=\"async\" src=\"https:\/\/reversea.me\/wp-content\/uploads\/2022\/10\/dhuici-224x300.jpg\" alt=\"Daniel Huici\" class=\"wp-image-110\" style=\"width: 150px\"><\/td>\n  <\/tr>\n  <tr>\n    <td><strong><a href=\"https:\/\/tomaspelayobenedet.github.io\/\">Tom\u00e1s Pelayo<\/a><\/strong><\/td>\n    <td><strong>Daniel Huici<\/strong><br\/>(former MSc. student)<\/td>\n   <\/tr>\n<\/table>\n\n\n\n<h2 class=\"wp-block-heading\">Technical Staff<\/h2>\n\n\n\n<table style=\"width:100%\">\n  <tbody><tr>\n  <td><img loading=\"lazy\" decoding=\"async\" width=\"165\" height=\"190\" src=\"https:\/\/reversea.me\/wp-content\/uploads\/2024\/10\/avillagrasa.jpeg\" alt=\"\" class=\"wp-image-767\"\/><\/td>\n    <td><img decoding=\"async\" src=\"https:\/\/reversea.me\/wp-content\/uploads\/2024\/11\/clinjiang-1.png\" alt=\"Christian Lin Jiang\" class=\"wp-image-110\" style=\"width: 150px\"><\/td>\n<\/tr>\n<tr>\n<td><strong><a href=\"https:\/\/str1ien.github.io\/\">Alain Villagrasa<\/a><\/strong><\/br>(former BSc student)<\/td>\n    <td><strong>Christian Lin Jiang<\/strong><\/br>(former MSc student)<\/td>\n<\/tr>\n<\/tbody><\/table>\n\n\n\n<h2 class=\"wp-block-heading\">Administrative Staff<\/h2>\n\n\n\n(none)\n\n\n\n<h2 class=\"wp-block-heading\">Master &amp; Bachelor Students<\/h2>\n\n\n\n(none)\n\n\n\n<div class=\"wp-block-group is-nowrap is-layout-flex wp-container-core-group-is-layout-ad2f72ca wp-block-group-is-layout-flex\">\n<h2 class=\"wp-block-heading\">Internships<\/h2>\n<\/div>\n\n\n\n<table style=\"width:100%\">\n  <tbody><tr>\n    <td><img decoding=\"async\" src=\"https:\/\/reversea.me\/wp-content\/uploads\/2023\/06\/mgracia-907x1024.jpg\" alt=\"Martina Gracia\" class=\"wp-image-110\" style=\"width: 150px\"><\/td>\n    <td><img loading=\"lazy\" decoding=\"async\" width=\"512\" height=\"470\" src=\"https:\/\/reversea.me\/wp-content\/uploads\/2024\/07\/zhelali.png\" alt=\"Zineb Helali\" class=\"wp-image-705\" style=\"width: 180px\" srcset=\"https:\/\/reversea.me\/wp-content\/uploads\/2024\/07\/zhelali.png 512w, https:\/\/reversea.me\/wp-content\/uploads\/2024\/07\/zhelali-300x275.png 300w\" sizes=\"auto, (max-width: 512px) 100vw, 512px\" \/><\/td>\n    <td><img decoding=\"async\" src=\"https:\/\/reversea.me\/wp-content\/uploads\/2025\/06\/ogilbernad-781x1024.jpg\" alt=\"\u00d3scar Gil Bernad\" class=\"wp-image-705\" style=\"width: 180px\"\/><\/td>\n    <td><img loading=\"lazy\" decoding=\"async\" width=\"560\" height=\"700\" src=\"https:\/\/reversea.me\/wp-content\/uploads\/2025\/07\/lzhou.png\" alt=\"Luna Zhou Chen\" class=\"wp-image-862\" style=\"width: 180px\" srcset=\"https:\/\/reversea.me\/wp-content\/uploads\/2025\/07\/lzhou.png 560w, https:\/\/reversea.me\/wp-content\/uploads\/2025\/07\/lzhou-240x300.png 240w\" sizes=\"auto, (max-width: 560px) 100vw, 560px\" \/><\/td>\n<td><img loading=\"lazy\" decoding=\"async\" width=\"727\" height=\"897\" src=\"https:\/\/reversea.me\/wp-content\/uploads\/2025\/07\/ideza.png\" alt=\"Iv\u00e1n Deza del \u00c1lamo\" class=\"wp-image-856\" style=\"width: 180px\" srcset=\"https:\/\/reversea.me\/wp-content\/uploads\/2025\/07\/ideza.png 727w, https:\/\/reversea.me\/wp-content\/uploads\/2025\/07\/ideza-243x300.png 243w\" sizes=\"auto, (max-width: 727px) 100vw, 727px\" \/><\/td>\n  <\/tr>\n  <tr>\n    <td><strong><a href=\"https:\/\/www.linkedin.com\/in\/martinagracia\/\">Martina Gracia<\/a><br>[July to August 2023]<\/strong><\/td>\n    <td><strong><a href=\"https:\/\/www.linkedin.com\/in\/zineb-helali-3541592a3\">Zineb Helali<\/a><br>[July to August 2024]<\/strong><\/td>\n<td><strong><a href=\"https:\/\/oscar-gilbe.github.io\/\">\u00d3scar Gil Bernad<\/a><br>[June to July 2025]<\/strong><\/td>\n    <td><strong><a href=\"www.linkedin.com\/in\/luna-z-8a5629214\">Luna Zhou Chen<\/a><br>[July 2025]<\/strong><\/td>\n<td><strong><a href=\"https:\/\/www.linkedin.com\/in\/ivan-deza-45846b2b9\/\">Iv\u00e1n Deza del \u00c1lamo<\/a><br>[July to August 2025]<\/strong><\/td>\n<\/tr>\n<\/tbody><\/table>\n\n\n\n<div class=\"wp-block-group is-nowrap is-layout-flex wp-container-core-group-is-layout-ad2f72ca wp-block-group-is-layout-flex\">\n<h2 class=\"wp-block-heading\">Visitors<\/h2>\n<\/div>\n\n\n\n<table style=\"width:100%\">\n  <tr>\n    <td><img loading=\"lazy\" decoding=\"async\" width=\"150\" height=\"150\" src=\"https:\/\/reversea.me\/wp-content\/uploads\/2020\/03\/AiltondaSilva-150x150.jpeg\" alt=\"\" class=\"wp-image-129\"\/><\/td>\n    <td> <\/td>\n  <\/tr>\n  <tr>\n    <td><strong>Ailton S. da Silva (UFAM, Brazil)<br>[August to November 2018]<br>[September 2021 to March 2022]<\/strong><\/td>\n    <td> <\/td>\n  <\/tr>\n<\/table>\n\n\n\n<h2 class=\"wp-block-heading\">Collaborators<\/h2>\n\n\n\n<table style=\"width:100%\">\n  <tbody><tr>\n<td><img decoding=\"async\" class=\"wp-image-110\" style=\"width: 100px;\" src=\"https:\/\/reversea.me\/wp-content\/uploads\/2024\/11\/rraducu-778x1024.jpg\" alt=\"Razvan Raducu\"><\/td>\n  <\/tr>\n  <tr>\n    <td><strong><a href=\"https:\/\/razvioverflow.github.io\/\">Dr. Razvan Raducu<\/a><\/strong><br\/>(former PhD student and postdoc)<\/td>\n  <\/tr>\n<\/tbody><\/table>\n\n\n\n<h2 class=\"wp-block-heading\">Former Members<\/h2>\n\n\n\n<table style=\"width:100%\">\n  <tr>\n    <td><img loading=\"lazy\" decoding=\"async\" width=\"150\" height=\"200\" class=\"wp-image-110\" style=\"width: 150px;\" src=\"https:\/\/reversea.me\/wp-content\/uploads\/2020\/03\/foto_Miguel.jpg\" alt=\"Miguel Mart\u00edn-P\u00e9rez\" srcset=\"https:\/\/reversea.me\/wp-content\/uploads\/2020\/03\/foto_Miguel.jpg 640w, https:\/\/reversea.me\/wp-content\/uploads\/2020\/03\/foto_Miguel-225x300.jpg 225w\" sizes=\"auto, (max-width: 150px) 100vw, 150px\" \/><\/td>\n<td><img decoding=\"async\" src=\"https:\/\/reversea.me\/wp-content\/uploads\/2021\/09\/pfernandez-150x150.jpg\" alt=\"\" class=\"wp-image-129\"\/><\/td>\n<td><img decoding=\"async\" src=\"https:\/\/reversea.me\/wp-content\/uploads\/2024\/02\/foto_IMorales-1-993x1024.jpg\" alt=\"Isaac Morales\" class=\"wp-image-110\" style=\"width: 150px\"><\/td>\n  <td><img loading=\"lazy\" decoding=\"async\" width=\"571\" height=\"1024\" src=\"https:\/\/reversea.me\/wp-content\/uploads\/2024\/02\/foto_MRomeo-571x1024.jpg\" alt=\"Mario Romeo\" class=\"wp-image-638\" style=\"width: 100px\" srcset=\"https:\/\/reversea.me\/wp-content\/uploads\/2024\/02\/foto_MRomeo-571x1024.jpg 571w, https:\/\/reversea.me\/wp-content\/uploads\/2024\/02\/foto_MRomeo-167x300.jpg 167w, https:\/\/reversea.me\/wp-content\/uploads\/2024\/02\/foto_MRomeo-768x1378.jpg 768w, https:\/\/reversea.me\/wp-content\/uploads\/2024\/02\/foto_MRomeo.jpg 769w\" sizes=\"auto, (max-width: 571px) 100vw, 571px\" \/><\/td>\n   <td><img decoding=\"async\" class=\"wp-image-110\" style=\"width: 100px;\" src=\"https:\/\/reversea.me\/wp-content\/uploads\/2024\/11\/duroz.png\" alt=\"Daniel Uroz\"><\/td>\n  <\/tr>\n  <tr>\n    <td><strong>Dr. Miguel Mart\u00edn-P\u00e9rez<\/strong><br>(former PhD student)<\/td>\n    <td><strong>Pedro Fern\u00e1ndez-\u00c1lvarez<\/strong><br>(former technical staff)<\/td>\n    <td><strong><a href=\"https:\/\/www.linkedin.com\/in\/isaac-morales-general-3aba19140\/\">Isaac Morales<\/a><\/strong><br\/>(former MSc student)<\/td>\n    <td><strong><a href=\"https:\/\/www.linkedin.com\/in\/mario-romeo-l%C3%A1zaro-310596243\/\">Mario Romeo<\/a><\/strong><br\/>(former MSc student)<\/td>\n    <td><strong><a href=\"https:\/\/duroz.github.io\/\">Dr. Daniel Uroz<\/a><\/strong><br\/>(former PhD student, postdoc, and faculty)<\/td>\n  <\/tr>\n  <tr>\n    <td><img decoding=\"async\" src=\"https:\/\/reversea.me\/wp-content\/uploads\/2023\/03\/foto_MMoniente.jpg\" alt=\"Miguel Moniente\" class=\"wp-image-110\" style=\"width: 150px\"><\/td>\n<td><img decoding=\"async\" src=\"https:\/\/reversea.me\/wp-content\/uploads\/2025\/01\/htoral.png\" alt=\"H\u00e9ctor Toral\" class=\"wp-image-110\" style=\"width: 130px\"><\/td>\n<td><img decoding=\"async\" src=\"https:\/\/reversea.me\/wp-content\/uploads\/2024\/05\/vgimenez-802x1024.jpg\" alt=\"Virginia Gim\u00e9nez\" class=\"wp-image-110\" style=\"width: 100px\"><\/td>\n<td><img decoding=\"async\" src=\"https:\/\/reversea.me\/wp-content\/uploads\/2024\/05\/dlastanao.png\" alt=\"Daniel Lastanao\" class=\"wp-image-110\" style=\"width: 150px\"><\/td>\n<td><img decoding=\"async\" src=\"https:\/\/reversea.me\/wp-content\/uploads\/2024\/09\/labascal-797x1024.jpg\" alt=\"Le\u00f3n Abascal\" class=\"wp-image-110\" style=\"width: 100px\"><\/td>\n  <\/tr>\n  <tr>\n    <td><strong><a href=\"https:\/\/www.linkedin.com\/in\/miguel-moniente-pannocchia-a55090105\/\">Miguel Moniente<\/a><\/strong><br\/>(former MSc student)<\/a><\/td>\n    <td><strong><a href=\"https:\/\/hec7orci7o.github.io\">H\u00e9ctor Toral<\/a><\/strong><br\/>(former technical staff)<\/td>\n    <td><strong><a href=\"https:\/\/www.linkedin.com\/in\/virginia-gim\u00e9nez-mazas-716364104\">Virginia Gim\u00e9nez<\/a><\/strong><br\/>(former administrative staff)<\/td>\n    <td><strong>Daniel Lastanao<\/strong><br\/>(former technical staff)<\/td>\n    <td><strong><a href=\"https:\/\/www.linkedin.com\/in\/leon-abascal\/\">Le\u00f3n Abascal<\/a><\/strong><br\/>(former technical staff)<\/td>\n  <\/tr>\n<tr>\n<td><img decoding=\"async\" src=\"https:\/\/reversea.me\/wp-content\/uploads\/2024\/09\/pruiz-754x1024.jpg\" alt=\"Pablo Ruiz\" class=\"wp-image-110\" style=\"width: 150px\"><\/td>\n<td><img decoding=\"async\" src=\"https:\/\/reversea.me\/wp-content\/uploads\/2024\/02\/foto_LPalazon-760x1024.jpg\" alt=\"Luis Palaz\u00f3n\" class=\"wp-image-110\" style=\"width: 150px\"><\/td>\n<\/tr>\n<tr>\n    <td><strong><a href=\"https:\/\/pruizlezcano.github.io\/\">Pablo Ruiz<\/a><\/strong><br\/>(former technical staff)<\/td>\n    <td><strong><a href=\"http:\/\/www.linkedin.com\/in\/luis-palaz\u00f3n-sim\u00f3n\">Luis Palaz\u00f3n<\/a><\/strong><br\/>(former technical staff)<\/td>\n<\/tr>\n<\/table>\n","protected":false},"excerpt":{"rendered":"<p><span class=\"span-reading-time rt-reading-time\" style=\"display: block;\"><span class=\"rt-label rt-prefix\">Reading Time: <\/span> <span class=\"rt-time\"> 3<\/span> <span class=\"rt-label rt-postfix\">minutes<\/span><\/span>Here you have the people from DisCo research group devoted to security research. Research interests of other people from DisCo are focused on development of tools for modeling and analysis of data-intensive applications and on large-scale application execution in hybrid-computing environments. You may find more info in this link! Faculty Dr. Ricardo J. Rodr\u00edguez Dr. [&hellip;]<\/p>\n","protected":false},"author":1,"featured_media":0,"parent":0,"menu_order":0,"comment_status":"closed","ping_status":"closed","template":"","meta":{"footnotes":""},"class_list":["post-70","page","type-page","status-publish","hentry","no-featured-image"],"_links":{"self":[{"href":"https:\/\/reversea.me\/index.php\/wp-json\/wp\/v2\/pages\/70","targetHints":{"allow":["GET"]}}],"collection":[{"href":"https:\/\/reversea.me\/index.php\/wp-json\/wp\/v2\/pages"}],"about":[{"href":"https:\/\/reversea.me\/index.php\/wp-json\/wp\/v2\/types\/page"}],"author":[{"embeddable":true,"href":"https:\/\/reversea.me\/index.php\/wp-json\/wp\/v2\/users\/1"}],"replies":[{"embeddable":true,"href":"https:\/\/reversea.me\/index.php\/wp-json\/wp\/v2\/comments?post=70"}],"version-history":[{"count":106,"href":"https:\/\/reversea.me\/index.php\/wp-json\/wp\/v2\/pages\/70\/revisions"}],"predecessor-version":[{"id":915,"href":"https:\/\/reversea.me\/index.php\/wp-json\/wp\/v2\/pages\/70\/revisions\/915"}],"wp:attachment":[{"href":"https:\/\/reversea.me\/index.php\/wp-json\/wp\/v2\/media?parent=70"}],"curies":[{"name":"wp","href":"https:\/\/api.w.org\/{rel}","templated":true}]}}