{"id":91,"date":"2020-03-04T21:38:25","date_gmt":"2020-03-04T21:38:25","guid":{"rendered":"https:\/\/reversea.me\/?page_id=91"},"modified":"2020-03-04T21:38:25","modified_gmt":"2020-03-04T21:38:25","slug":"contact","status":"publish","type":"page","link":"https:\/\/reversea.me\/index.php\/contact\/","title":{"rendered":"Contact"},"content":{"rendered":"<span class=\"span-reading-time rt-reading-time\" style=\"display: block;\"><span class=\"rt-label rt-prefix\">Reading Time: <\/span> <span class=\"rt-time\"> &lt; 1<\/span> <span class=\"rt-label rt-postfix\">minute<\/span><\/span>\n<p>You can find us at Edificio Ada Byron, the western building (the white one, closer to tram and bus stops) in Campus R\u00edo Ebro of University of Zaragoza. <\/p>\n\n\n\n<iframe loading=\"lazy\" src=\"https:\/\/www.google.com\/maps\/embed?pb=!1m18!1m12!1m3!1d2979.725774668564!2d-0.8906514492064035!3d41.68326548546177!2m3!1f0!2f0!3f0!3m2!1i1024!2i768!4f13.1!3m3!1m2!1s0xd59135dc8ea7ad5%3A0xfd0014845df510e5!2sEdificio%20Ada%20Byron!5e0!3m2!1ses!2ses!4v1582495307279!5m2!1ses!2ses\" width=\"400\" height=\"300\" frameborder=\"0\" style=\"border:0;\" allowfullscreen=\"\"><\/iframe>\n\n\n\n<p>Inside this building, look for <em>Departamento de Inform\u00e1tica e Ingenier\u00eda de Sistemas<\/em>. Our research laboratory is L1.03b, on the first floor. You can also look for the rooms of our Faculty staff (see <a href=\"https:\/\/reversea.me\/index.php\/people\/\">People<\/a> page). <\/p>\n","protected":false},"excerpt":{"rendered":"<p><span class=\"span-reading-time rt-reading-time\" style=\"display: block;\"><span class=\"rt-label rt-prefix\">Reading Time: <\/span> <span class=\"rt-time\"> &lt; 1<\/span> <span class=\"rt-label rt-postfix\">minute<\/span><\/span>You can find us at Edificio Ada Byron, the western building (the white one, closer to tram and bus stops) in Campus R\u00edo Ebro of University of Zaragoza. Inside this building, look for Departamento de Inform\u00e1tica e Ingenier\u00eda de Sistemas. Our research laboratory is L1.03b, on the first floor. You can also look for the [&hellip;]<\/p>\n","protected":false},"author":1,"featured_media":0,"parent":0,"menu_order":0,"comment_status":"closed","ping_status":"closed","template":"","meta":{"footnotes":""},"class_list":["post-91","page","type-page","status-publish","hentry","no-featured-image"],"_links":{"self":[{"href":"https:\/\/reversea.me\/index.php\/wp-json\/wp\/v2\/pages\/91","targetHints":{"allow":["GET"]}}],"collection":[{"href":"https:\/\/reversea.me\/index.php\/wp-json\/wp\/v2\/pages"}],"about":[{"href":"https:\/\/reversea.me\/index.php\/wp-json\/wp\/v2\/types\/page"}],"author":[{"embeddable":true,"href":"https:\/\/reversea.me\/index.php\/wp-json\/wp\/v2\/users\/1"}],"replies":[{"embeddable":true,"href":"https:\/\/reversea.me\/index.php\/wp-json\/wp\/v2\/comments?post=91"}],"version-history":[{"count":1,"href":"https:\/\/reversea.me\/index.php\/wp-json\/wp\/v2\/pages\/91\/revisions"}],"predecessor-version":[{"id":92,"href":"https:\/\/reversea.me\/index.php\/wp-json\/wp\/v2\/pages\/91\/revisions\/92"}],"wp:attachment":[{"href":"https:\/\/reversea.me\/index.php\/wp-json\/wp\/v2\/media?parent=91"}],"curies":[{"name":"wp","href":"https:\/\/api.w.org\/{rel}","templated":true}]}}